{"id":7,"date":"2024-01-02T10:18:19","date_gmt":"2024-01-02T10:18:19","guid":{"rendered":"https:\/\/alemdo.ro\/?page_id=7"},"modified":"2024-04-11T08:25:30","modified_gmt":"2024-04-11T08:25:30","slug":"homepage","status":"publish","type":"page","link":"https:\/\/alemdo.ro\/","title":{"rendered":"Acas\u0103"},"content":{"rendered":"\t\t<div data-elementor-type=\"wp-page\" data-elementor-id=\"7\" class=\"elementor elementor-7\" data-elementor-post-type=\"page\">\n\t\t\t\t<div class=\"elementor-element elementor-element-6503449f e-flex e-con-boxed e-con e-parent\" data-id=\"6503449f\" data-element_type=\"container\" data-e-type=\"container\" data-settings=\"{&quot;background_background&quot;:&quot;classic&quot;}\">\n\t\t\t\t\t<div class=\"e-con-inner\">\n\t\t<div class=\"elementor-element elementor-element-48389e1 e-con-full e-flex e-con e-child\" data-id=\"48389e1\" data-element_type=\"container\" data-e-type=\"container\">\n\t\t\t\t<div class=\"elementor-element elementor-element-743aabd9 elementor-widget elementor-widget-heading\" data-id=\"743aabd9\" data-element_type=\"widget\" data-e-type=\"widget\" data-widget_type=\"heading.default\">\n\t\t\t\t<div class=\"elementor-widget-container\">\n\t\t\t\t\t<h1 class=\"elementor-heading-title elementor-size-default\">Tehnologia informatiei la un clic distanta!<\/h1>\t\t\t\t<\/div>\n\t\t\t\t<\/div>\n\t\t\t\t<div class=\"elementor-element elementor-element-3ba06e9f elementor-widget elementor-widget-text-editor\" data-id=\"3ba06e9f\" data-element_type=\"widget\" data-e-type=\"widget\" data-widget_type=\"text-editor.default\">\n\t\t\t\t<div class=\"elementor-widget-container\">\n\t\t\t\t\t\t\t\t\t<p>Transform\u0103m Viziunile \u00een Realitate: Exper\u021bi IT la Dispozi\u021bia Nevoilor Tale!<\/p>\t\t\t\t\t\t\t\t<\/div>\n\t\t\t\t<\/div>\n\t\t\t\t<div class=\"elementor-element elementor-element-58a72bf5 elementor-mobile-align-center elementor-widget elementor-widget-button\" data-id=\"58a72bf5\" data-element_type=\"widget\" data-e-type=\"widget\" data-widget_type=\"button.default\">\n\t\t\t\t<div class=\"elementor-widget-container\">\n\t\t\t\t\t\t\t\t\t<div class=\"elementor-button-wrapper\">\n\t\t\t\t\t<a class=\"elementor-button elementor-button-link elementor-size-sm\" href=\"mailto:%20contact@alemdo.ro\">\n\t\t\t\t\t\t<span class=\"elementor-button-content-wrapper\">\n\t\t\t\t\t\t\t\t\t<span class=\"elementor-button-text\">Contacteaz\u0103-ne<\/span>\n\t\t\t\t\t<\/span>\n\t\t\t\t\t<\/a>\n\t\t\t\t<\/div>\n\t\t\t\t\t\t\t\t<\/div>\n\t\t\t\t<\/div>\n\t\t\t\t<\/div>\n\t\t<div class=\"elementor-element elementor-element-10070737 e-con-full e-flex e-con e-child\" data-id=\"10070737\" data-element_type=\"container\" data-e-type=\"container\">\n\t\t\t\t<div class=\"elementor-element elementor-element-3f4a6ea0 elementor-widget elementor-widget-image\" data-id=\"3f4a6ea0\" data-element_type=\"widget\" data-e-type=\"widget\" data-widget_type=\"image.default\">\n\t\t\t\t<div class=\"elementor-widget-container\">\n\t\t\t\t\t\t\t\t\t\t\t\t\t\t\t<img fetchpriority=\"high\" decoding=\"async\" width=\"800\" height=\"448\" src=\"https:\/\/alemdo.ro\/wp-content\/uploads\/2024\/01\/uploads_users_images_image_5_4387_0_1-1024x573.png\" class=\"attachment-large size-large wp-image-12\" alt=\"\" srcset=\"https:\/\/alemdo.ro\/wp-content\/uploads\/2024\/01\/uploads_users_images_image_5_4387_0_1-1024x573.png 1024w, https:\/\/alemdo.ro\/wp-content\/uploads\/2024\/01\/uploads_users_images_image_5_4387_0_1-300x168.png 300w, https:\/\/alemdo.ro\/wp-content\/uploads\/2024\/01\/uploads_users_images_image_5_4387_0_1-768x430.png 768w, https:\/\/alemdo.ro\/wp-content\/uploads\/2024\/01\/uploads_users_images_image_5_4387_0_1.png 1456w\" sizes=\"(max-width: 800px) 100vw, 800px\" \/>\t\t\t\t\t\t\t\t\t\t\t\t\t\t\t<\/div>\n\t\t\t\t<\/div>\n\t\t\t\t<\/div>\n\t\t\t\t\t<\/div>\n\t\t\t\t<\/div>\n\t\t<div class=\"elementor-element elementor-element-1db22862 e-flex e-con-boxed e-con e-parent\" data-id=\"1db22862\" data-element_type=\"container\" data-e-type=\"container\">\n\t\t\t\t\t<div class=\"e-con-inner\">\n\t\t<div class=\"elementor-element elementor-element-26837810 e-con-full e-flex e-con e-child\" data-id=\"26837810\" data-element_type=\"container\" data-e-type=\"container\">\n\t\t\t\t<div class=\"elementor-element elementor-element-5b05eb4 elementor-widget elementor-widget-image\" data-id=\"5b05eb4\" data-element_type=\"widget\" data-e-type=\"widget\" data-widget_type=\"image.default\">\n\t\t\t\t<div class=\"elementor-widget-container\">\n\t\t\t\t\t\t\t\t\t\t\t\t\t\t\t<img decoding=\"async\" width=\"800\" height=\"448\" src=\"https:\/\/alemdo.ro\/wp-content\/uploads\/2024\/01\/uploads_users_images_image_5_4545_1_0-1024x574.png\" class=\"attachment-large size-large wp-image-19\" alt=\"\" srcset=\"https:\/\/alemdo.ro\/wp-content\/uploads\/2024\/01\/uploads_users_images_image_5_4545_1_0-1024x574.png 1024w, https:\/\/alemdo.ro\/wp-content\/uploads\/2024\/01\/uploads_users_images_image_5_4545_1_0-300x168.png 300w, https:\/\/alemdo.ro\/wp-content\/uploads\/2024\/01\/uploads_users_images_image_5_4545_1_0-768x431.png 768w, https:\/\/alemdo.ro\/wp-content\/uploads\/2024\/01\/uploads_users_images_image_5_4545_1_0.png 1455w\" sizes=\"(max-width: 800px) 100vw, 800px\" \/>\t\t\t\t\t\t\t\t\t\t\t\t\t\t\t<\/div>\n\t\t\t\t<\/div>\n\t\t\t\t<\/div>\n\t\t<div class=\"elementor-element elementor-element-3a3c122f e-con-full e-flex e-con e-child\" data-id=\"3a3c122f\" data-element_type=\"container\" data-e-type=\"container\">\n\t\t\t\t<div class=\"elementor-element elementor-element-17d8d198 elementor-widget elementor-widget-heading\" data-id=\"17d8d198\" data-element_type=\"widget\" data-e-type=\"widget\" data-widget_type=\"heading.default\">\n\t\t\t\t<div class=\"elementor-widget-container\">\n\t\t\t\t\t<h3 class=\"elementor-heading-title elementor-size-default\">Despre Noi<\/h3>\t\t\t\t<\/div>\n\t\t\t\t<\/div>\n\t\t\t\t<div class=\"elementor-element elementor-element-12f93b5a elementor-widget elementor-widget-text-editor\" data-id=\"12f93b5a\" data-element_type=\"widget\" data-e-type=\"widget\" data-widget_type=\"text-editor.default\">\n\t\t\t\t<div class=\"elementor-widget-container\">\n\t\t\t\t\t\t\t\t\t<p>Oferim servicii PC specializate pentru tine si familia ta! Punem accentul pe calitate si pe relatia cu clientul<\/p>\t\t\t\t\t\t\t\t<\/div>\n\t\t\t\t<\/div>\n\t\t\t\t<div class=\"elementor-element elementor-element-903528e elementor-mobile-align-center elementor-widget elementor-widget-button\" data-id=\"903528e\" data-element_type=\"widget\" data-e-type=\"widget\" data-widget_type=\"button.default\">\n\t\t\t\t<div class=\"elementor-widget-container\">\n\t\t\t\t\t\t\t\t\t<div class=\"elementor-button-wrapper\">\n\t\t\t\t\t<a class=\"elementor-button elementor-button-link elementor-size-sm\" href=\"mailto:%20contact@alemdo.ro\">\n\t\t\t\t\t\t<span class=\"elementor-button-content-wrapper\">\n\t\t\t\t\t\t\t\t\t<span class=\"elementor-button-text\">Contacteaz\u0103-ne<\/span>\n\t\t\t\t\t<\/span>\n\t\t\t\t\t<\/a>\n\t\t\t\t<\/div>\n\t\t\t\t\t\t\t\t<\/div>\n\t\t\t\t<\/div>\n\t\t\t\t<\/div>\n\t\t\t\t\t<\/div>\n\t\t\t\t<\/div>\n\t\t<div class=\"elementor-element elementor-element-4cf72da5 e-flex e-con-boxed e-con e-parent\" data-id=\"4cf72da5\" data-element_type=\"container\" data-e-type=\"container\">\n\t\t\t\t\t<div class=\"e-con-inner\">\n\t\t<div class=\"elementor-element elementor-element-5672b2cd e-flex e-con-boxed e-con e-child\" data-id=\"5672b2cd\" data-element_type=\"container\" data-e-type=\"container\">\n\t\t\t\t\t<div class=\"e-con-inner\">\n\t\t\t\t<div class=\"elementor-element elementor-element-789ee70a elementor-widget elementor-widget-heading\" data-id=\"789ee70a\" data-element_type=\"widget\" data-e-type=\"widget\" data-widget_type=\"heading.default\">\n\t\t\t\t<div class=\"elementor-widget-container\">\n\t\t\t\t\t<h3 class=\"elementor-heading-title elementor-size-default\">Serviciile Noastre<\/h3>\t\t\t\t<\/div>\n\t\t\t\t<\/div>\n\t\t\t\t<div class=\"elementor-element elementor-element-5c364478 elementor-widget elementor-widget-heading\" data-id=\"5c364478\" data-element_type=\"widget\" data-e-type=\"widget\" data-widget_type=\"heading.default\">\n\t\t\t\t<div class=\"elementor-widget-container\">\n\t\t\t\t\t<p class=\"elementor-heading-title elementor-size-default\">Solutii IT pentru tine si familia ta! Te ajutam sa faci primii pasi in lumea digitala! Software potrivit nevoilor tale!<\/p>\t\t\t\t<\/div>\n\t\t\t\t<\/div>\n\t\t\t\t\t<\/div>\n\t\t\t\t<\/div>\n\t\t<div class=\"elementor-element elementor-element-28bb7bcb e-con-full e-flex e-con e-child\" data-id=\"28bb7bcb\" data-element_type=\"container\" data-e-type=\"container\">\n\t\t\t\t<div class=\"elementor-element elementor-element-4d57d16a elementor-widget__width-initial elementor-widget-mobile__width-inherit elementor-position-top elementor-widget elementor-widget-image-box\" data-id=\"4d57d16a\" data-element_type=\"widget\" data-e-type=\"widget\" data-widget_type=\"image-box.default\">\n\t\t\t\t<div class=\"elementor-widget-container\">\n\t\t\t\t\t<div class=\"elementor-image-box-wrapper\"><figure class=\"elementor-image-box-img\"><a href=\"#\" tabindex=\"-1\"><img decoding=\"async\" src=\"https:\/\/alemdo.ro\/wp-content\/uploads\/elementor\/thumbs\/samsung-memory-Yw0cwiFJ7o0-unsplash1-qjclvdl76wynrskd7n5d5fbxd6muzk61msq7zk6080.jpg\" title=\"samsung-memory-Yw0cwiFJ7o0-unsplash(1)\" alt=\"samsung-memory-Yw0cwiFJ7o0-unsplash(1)\" class=\"elementor-animation-grow\" loading=\"lazy\" \/><\/a><\/figure><div class=\"elementor-image-box-content\"><h4 class=\"elementor-image-box-title\"><a href=\"#\">Recuperare date<\/a><\/h4><\/div><\/div>\t\t\t\t<\/div>\n\t\t\t\t<\/div>\n\t\t\t\t<div class=\"elementor-element elementor-element-6feeb638 elementor-widget__width-initial elementor-widget-mobile__width-inherit elementor-position-top elementor-widget elementor-widget-image-box\" data-id=\"6feeb638\" data-element_type=\"widget\" data-e-type=\"widget\" data-widget_type=\"image-box.default\">\n\t\t\t\t<div class=\"elementor-widget-container\">\n\t\t\t\t\t<div class=\"elementor-image-box-wrapper\"><figure class=\"elementor-image-box-img\"><a href=\"#\" tabindex=\"-1\"><img decoding=\"async\" width=\"1455\" height=\"815\" src=\"https:\/\/alemdo.ro\/wp-content\/uploads\/2024\/01\/uploads_users_images_image_5_4386_1_1.png\" class=\"elementor-animation-grow attachment-full size-full wp-image-21\" alt=\"\" srcset=\"https:\/\/alemdo.ro\/wp-content\/uploads\/2024\/01\/uploads_users_images_image_5_4386_1_1.png 1455w, https:\/\/alemdo.ro\/wp-content\/uploads\/2024\/01\/uploads_users_images_image_5_4386_1_1-300x168.png 300w, https:\/\/alemdo.ro\/wp-content\/uploads\/2024\/01\/uploads_users_images_image_5_4386_1_1-1024x574.png 1024w, https:\/\/alemdo.ro\/wp-content\/uploads\/2024\/01\/uploads_users_images_image_5_4386_1_1-768x430.png 768w\" sizes=\"(max-width: 1455px) 100vw, 1455px\" \/><\/a><\/figure><div class=\"elementor-image-box-content\"><h4 class=\"elementor-image-box-title\"><a href=\"#\">Instalare Software<\/a><\/h4><\/div><\/div>\t\t\t\t<\/div>\n\t\t\t\t<\/div>\n\t\t\t\t<div class=\"elementor-element elementor-element-142e6131 elementor-widget__width-initial elementor-widget-mobile__width-inherit elementor-position-top elementor-widget elementor-widget-image-box\" data-id=\"142e6131\" data-element_type=\"widget\" data-e-type=\"widget\" data-widget_type=\"image-box.default\">\n\t\t\t\t<div class=\"elementor-widget-container\">\n\t\t\t\t\t<div class=\"elementor-image-box-wrapper\"><figure class=\"elementor-image-box-img\"><a href=\"#\" tabindex=\"-1\"><img loading=\"lazy\" decoding=\"async\" width=\"724\" height=\"400\" src=\"https:\/\/alemdo.ro\/wp-content\/uploads\/2024\/02\/pedro-henrique-santos-4IoS45J9pmk-unsplash.jpg\" class=\"elementor-animation-grow attachment-full size-full wp-image-77\" alt=\"\" srcset=\"https:\/\/alemdo.ro\/wp-content\/uploads\/2024\/02\/pedro-henrique-santos-4IoS45J9pmk-unsplash.jpg 724w, https:\/\/alemdo.ro\/wp-content\/uploads\/2024\/02\/pedro-henrique-santos-4IoS45J9pmk-unsplash-300x166.jpg 300w\" sizes=\"(max-width: 724px) 100vw, 724px\" \/><\/a><\/figure><div class=\"elementor-image-box-content\"><h4 class=\"elementor-image-box-title\"><a href=\"#\">Instalare PC<\/a><\/h4><\/div><\/div>\t\t\t\t<\/div>\n\t\t\t\t<\/div>\n\t\t\t\t<div class=\"elementor-element elementor-element-7a28ff2d elementor-widget__width-initial elementor-widget-mobile__width-inherit elementor-position-top elementor-widget elementor-widget-image-box\" data-id=\"7a28ff2d\" data-element_type=\"widget\" data-e-type=\"widget\" data-widget_type=\"image-box.default\">\n\t\t\t\t<div class=\"elementor-widget-container\">\n\t\t\t\t\t<div class=\"elementor-image-box-wrapper\"><figure class=\"elementor-image-box-img\"><a href=\"#\" tabindex=\"-1\"><img loading=\"lazy\" decoding=\"async\" width=\"1456\" height=\"815\" src=\"https:\/\/alemdo.ro\/wp-content\/uploads\/2024\/01\/2.jpeg\" class=\"elementor-animation-grow attachment-full size-full wp-image-23\" alt=\"\" srcset=\"https:\/\/alemdo.ro\/wp-content\/uploads\/2024\/01\/2.jpeg 1456w, https:\/\/alemdo.ro\/wp-content\/uploads\/2024\/01\/2-300x168.jpeg 300w, https:\/\/alemdo.ro\/wp-content\/uploads\/2024\/01\/2-1024x573.jpeg 1024w, https:\/\/alemdo.ro\/wp-content\/uploads\/2024\/01\/2-768x430.jpeg 768w\" sizes=\"(max-width: 1456px) 100vw, 1456px\" \/><\/a><\/figure><div class=\"elementor-image-box-content\"><h4 class=\"elementor-image-box-title\"><a href=\"#\">Analiz\u0103<\/a><\/h4><\/div><\/div>\t\t\t\t<\/div>\n\t\t\t\t<\/div>\n\t\t\t\t<\/div>\n\t\t\t\t\t<\/div>\n\t\t\t\t<\/div>\n\t\t<div class=\"elementor-element elementor-element-225a92e0 e-flex e-con-boxed e-con e-parent\" data-id=\"225a92e0\" data-element_type=\"container\" data-e-type=\"container\" data-settings=\"{&quot;background_background&quot;:&quot;classic&quot;}\">\n\t\t\t\t\t<div class=\"e-con-inner\">\n\t\t\t\t<div class=\"elementor-element elementor-element-522727a7 elementor-widget__width-initial elementor-widget elementor-widget-icon-box\" data-id=\"522727a7\" data-element_type=\"widget\" data-e-type=\"widget\" data-widget_type=\"icon-box.default\">\n\t\t\t\t<div class=\"elementor-widget-container\">\n\t\t\t\t\t\t\t<div class=\"elementor-icon-box-wrapper\">\n\n\t\t\t\n\t\t\t\t\t\t<div class=\"elementor-icon-box-content\">\n\n\t\t\t\t\t\t\t\t\t<h4 class=\"elementor-icon-box-title\">\n\t\t\t\t\t\t<span  >\n\t\t\t\t\t\t\tExperien\u021b\u0103 Specializat\u0103\t\t\t\t\t\t<\/span>\n\t\t\t\t\t<\/h4>\n\t\t\t\t\n\t\t\t\t\t\t\t\t\t<p class=\"elementor-icon-box-description\">\n\t\t\t\t\t\tAlemdo Comp beneficiaza de o echip\u0103 t\u00e2n\u0103r\u0103 \u0219i prietenoas\u0103 cu experien\u021b\u0103 \u00een lucrul cu clienti aflati la inceput de drum!\t\t\t\t\t<\/p>\n\t\t\t\t\n\t\t\t<\/div>\n\t\t\t\n\t\t<\/div>\n\t\t\t\t\t\t<\/div>\n\t\t\t\t<\/div>\n\t\t\t\t<div class=\"elementor-element elementor-element-29b95462 elementor-widget__width-initial elementor-widget elementor-widget-icon-box\" data-id=\"29b95462\" data-element_type=\"widget\" data-e-type=\"widget\" data-widget_type=\"icon-box.default\">\n\t\t\t\t<div class=\"elementor-widget-container\">\n\t\t\t\t\t\t\t<div class=\"elementor-icon-box-wrapper\">\n\n\t\t\t\n\t\t\t\t\t\t<div class=\"elementor-icon-box-content\">\n\n\t\t\t\t\t\t\t\t\t<h4 class=\"elementor-icon-box-title\">\n\t\t\t\t\t\t<span  >\n\t\t\t\t\t\t\tSolutii Prietenoase cu Utilizatorul\t\t\t\t\t\t<\/span>\n\t\t\t\t\t<\/h4>\n\t\t\t\t\n\t\t\t\t\t\t\t\t\t<p class=\"elementor-icon-box-description\">\n\t\t\t\t\t\tServiciile noastre sunt gandite de la bun inceput sa se adreseze atat unor utilizatori aflati la inceput de drum, cat si unora mai avansati. \t\t\t\t\t<\/p>\n\t\t\t\t\n\t\t\t<\/div>\n\t\t\t\n\t\t<\/div>\n\t\t\t\t\t\t<\/div>\n\t\t\t\t<\/div>\n\t\t\t\t<div class=\"elementor-element elementor-element-308e6f8c elementor-widget__width-initial elementor-widget elementor-widget-icon-box\" data-id=\"308e6f8c\" data-element_type=\"widget\" data-e-type=\"widget\" data-widget_type=\"icon-box.default\">\n\t\t\t\t<div class=\"elementor-widget-container\">\n\t\t\t\t\t\t\t<div class=\"elementor-icon-box-wrapper\">\n\n\t\t\t\n\t\t\t\t\t\t<div class=\"elementor-icon-box-content\">\n\n\t\t\t\t\t\t\t\t\t<h4 class=\"elementor-icon-box-title\">\n\t\t\t\t\t\t<span  >\n\t\t\t\t\t\t\tAcces la Tehnologii\t\t\t\t\t\t<\/span>\n\t\t\t\t\t<\/h4>\n\t\t\t\t\n\t\t\t\t\t\t\t\t\t<p class=\"elementor-icon-box-description\">\n\t\t\t\t\t\tNu trebuie sa fii un specialist pentru a folosi semnatura electronica! Te ajutam sa iti alegi produsul ce serveste cel mai bine nevoile tale apoi il instalam!\t\t\t\t\t<\/p>\n\t\t\t\t\n\t\t\t<\/div>\n\t\t\t\n\t\t<\/div>\n\t\t\t\t\t\t<\/div>\n\t\t\t\t<\/div>\n\t\t\t\t\t<\/div>\n\t\t\t\t<\/div>\n\t\t<div class=\"elementor-element elementor-element-3abee503 e-flex e-con-boxed e-con e-parent\" data-id=\"3abee503\" data-element_type=\"container\" data-e-type=\"container\">\n\t\t\t\t\t<div class=\"e-con-inner\">\n\t\t\t\t<div class=\"elementor-element elementor-element-528d8f0 elementor-widget elementor-widget-heading\" data-id=\"528d8f0\" data-element_type=\"widget\" data-e-type=\"widget\" data-widget_type=\"heading.default\">\n\t\t\t\t<div class=\"elementor-widget-container\">\n\t\t\t\t\t<h3 class=\"elementor-heading-title elementor-size-default\">Ce tipuri de software instalam?<\/h3>\t\t\t\t<\/div>\n\t\t\t\t<\/div>\n\t\t<div class=\"elementor-element elementor-element-612e8868 e-con-full e-flex e-con e-child\" data-id=\"612e8868\" data-element_type=\"container\" data-e-type=\"container\">\n\t\t\t\t<div class=\"elementor-element elementor-element-1a4f722d elementor-widget__width-initial elementor-widget-tablet__width-inherit elementor-widget elementor-widget-testimonial\" data-id=\"1a4f722d\" data-element_type=\"widget\" data-e-type=\"widget\" data-widget_type=\"testimonial.default\">\n\t\t\t\t<div class=\"elementor-widget-container\">\n\t\t\t\t\t\t\t<div class=\"elementor-testimonial-wrapper\">\n\t\t\t\t\t\t\t<div class=\"elementor-testimonial-content\">Instalare si Reinstalare Sisteme de Operare\n  Windows, Ubuntu, iOs<\/div>\n\t\t\t\n\t\t\t\t\t<\/div>\n\t\t\t\t\t\t<\/div>\n\t\t\t\t<\/div>\n\t\t\t\t<div class=\"elementor-element elementor-element-5989bf5b elementor-widget__width-initial elementor-widget-tablet__width-inherit elementor-widget elementor-widget-testimonial\" data-id=\"5989bf5b\" data-element_type=\"widget\" data-e-type=\"widget\" data-widget_type=\"testimonial.default\">\n\t\t\t\t<div class=\"elementor-widget-container\">\n\t\t\t\t\t\t\t<div class=\"elementor-testimonial-wrapper\">\n\t\t\t\t\t\t\t<div class=\"elementor-testimonial-content\">Instalarea software necesar pentru semnatura electronica (DigiSign, CertSign)<\/div>\n\t\t\t\n\t\t\t\t\t<\/div>\n\t\t\t\t\t\t<\/div>\n\t\t\t\t<\/div>\n\t\t\t\t<div class=\"elementor-element elementor-element-49003222 elementor-widget__width-initial elementor-widget-tablet__width-inherit elementor-widget elementor-widget-testimonial\" data-id=\"49003222\" data-element_type=\"widget\" data-e-type=\"widget\" data-widget_type=\"testimonial.default\">\n\t\t\t\t<div class=\"elementor-widget-container\">\n\t\t\t\t\t\t\t<div class=\"elementor-testimonial-wrapper\">\n\t\t\t\t\t\t\t<div class=\"elementor-testimonial-content\">Aplicatii si programe pentru diferite sisteme de operare<\/div>\n\t\t\t\n\t\t\t\t\t<\/div>\n\t\t\t\t\t\t<\/div>\n\t\t\t\t<\/div>\n\t\t\t\t<\/div>\n\t\t\t\t\t<\/div>\n\t\t\t\t<\/div>\n\t\t<div class=\"elementor-element elementor-element-5c1d4b9a e-flex e-con-boxed e-con e-parent\" data-id=\"5c1d4b9a\" data-element_type=\"container\" data-e-type=\"container\">\n\t\t\t\t\t<div class=\"e-con-inner\">\n\t\t<div class=\"elementor-element elementor-element-2c761c7c e-con-full e-flex e-con e-child\" data-id=\"2c761c7c\" data-element_type=\"container\" data-e-type=\"container\">\n\t\t\t\t<div class=\"elementor-element elementor-element-2a7058a3 elementor-widget elementor-widget-image\" data-id=\"2a7058a3\" data-element_type=\"widget\" data-e-type=\"widget\" data-widget_type=\"image.default\">\n\t\t\t\t<div class=\"elementor-widget-container\">\n\t\t\t\t\t\t\t\t\t\t\t\t\t\t\t<img loading=\"lazy\" decoding=\"async\" width=\"742\" height=\"495\" src=\"https:\/\/alemdo.ro\/wp-content\/uploads\/2024\/02\/thisisengineering-raeng-f4pUuCc3M0g-unsplash.jpg\" class=\"attachment-large size-large wp-image-93\" alt=\"\" srcset=\"https:\/\/alemdo.ro\/wp-content\/uploads\/2024\/02\/thisisengineering-raeng-f4pUuCc3M0g-unsplash.jpg 742w, https:\/\/alemdo.ro\/wp-content\/uploads\/2024\/02\/thisisengineering-raeng-f4pUuCc3M0g-unsplash-300x200.jpg 300w\" sizes=\"(max-width: 742px) 100vw, 742px\" \/>\t\t\t\t\t\t\t\t\t\t\t\t\t\t\t<\/div>\n\t\t\t\t<\/div>\n\t\t\t\t<\/div>\n\t\t<div class=\"elementor-element elementor-element-6aaa5d67 e-con-full e-flex e-con e-child\" data-id=\"6aaa5d67\" data-element_type=\"container\" data-e-type=\"container\">\n\t\t\t\t<div class=\"elementor-element elementor-element-46dabc65 elementor-widget elementor-widget-heading\" data-id=\"46dabc65\" data-element_type=\"widget\" data-e-type=\"widget\" data-widget_type=\"heading.default\">\n\t\t\t\t<div class=\"elementor-widget-container\">\n\t\t\t\t\t<h3 class=\"elementor-heading-title elementor-size-default\">Instalare \nSisteme de\nOperare<\/h3>\t\t\t\t<\/div>\n\t\t\t\t<\/div>\n\t\t\t\t<div class=\"elementor-element elementor-element-75d89abd elementor-widget elementor-widget-text-editor\" data-id=\"75d89abd\" data-element_type=\"widget\" data-e-type=\"widget\" data-widget_type=\"text-editor.default\">\n\t\t\t\t<div class=\"elementor-widget-container\">\n\t\t\t\t\t\t\t\t\t<p>Nevoile Tale, Prioritatea noastra: Expertiza Noastr\u0103 in Instalarea de Software pentru Tine si Familia Ta!<\/p>\t\t\t\t\t\t\t\t<\/div>\n\t\t\t\t<\/div>\n\t\t\t\t<div class=\"elementor-element elementor-element-aac80cf elementor-mobile-align-center elementor-widget elementor-widget-button\" data-id=\"aac80cf\" data-element_type=\"widget\" data-e-type=\"widget\" data-widget_type=\"button.default\">\n\t\t\t\t<div class=\"elementor-widget-container\">\n\t\t\t\t\t\t\t\t\t<div class=\"elementor-button-wrapper\">\n\t\t\t\t\t<a class=\"elementor-button elementor-button-link elementor-size-sm\" href=\"mailto:%20contact@alemdo.ro\">\n\t\t\t\t\t\t<span class=\"elementor-button-content-wrapper\">\n\t\t\t\t\t\t\t\t\t<span class=\"elementor-button-text\">Contacteaz\u0103-ne<\/span>\n\t\t\t\t\t<\/span>\n\t\t\t\t\t<\/a>\n\t\t\t\t<\/div>\n\t\t\t\t\t\t\t\t<\/div>\n\t\t\t\t<\/div>\n\t\t\t\t<\/div>\n\t\t\t\t\t<\/div>\n\t\t\t\t<\/div>\n\t\t\t\t<\/div>\n\t\t","protected":false},"excerpt":{"rendered":"<p>Tehnologia informatiei la un clic distanta! Transform\u0103m Viziunile \u00een Realitate: Exper\u021bi IT la Dispozi\u021bia Nevoilor Tale! Contacteaz\u0103-ne Despre Noi Oferim servicii PC specializate pentru tine si familia ta! Punem accentul pe calitate si pe relatia cu clientul Contacteaz\u0103-ne Serviciile Noastre Solutii IT pentru tine si familia ta! Te ajutam sa faci primii pasi in lumea [&hellip;]<\/p>\n","protected":false},"author":1,"featured_media":0,"parent":0,"menu_order":0,"comment_status":"closed","ping_status":"closed","template":"elementor_header_footer","meta":{"footnotes":""},"class_list":["post-7","page","type-page","status-publish","hentry"],"jetpack_sharing_enabled":true,"_links":{"self":[{"href":"https:\/\/alemdo.ro\/index.php\/wp-json\/wp\/v2\/pages\/7","targetHints":{"allow":["GET"]}}],"collection":[{"href":"https:\/\/alemdo.ro\/index.php\/wp-json\/wp\/v2\/pages"}],"about":[{"href":"https:\/\/alemdo.ro\/index.php\/wp-json\/wp\/v2\/types\/page"}],"author":[{"embeddable":true,"href":"https:\/\/alemdo.ro\/index.php\/wp-json\/wp\/v2\/users\/1"}],"replies":[{"embeddable":true,"href":"https:\/\/alemdo.ro\/index.php\/wp-json\/wp\/v2\/comments?post=7"}],"version-history":[{"count":37,"href":"https:\/\/alemdo.ro\/index.php\/wp-json\/wp\/v2\/pages\/7\/revisions"}],"predecessor-version":[{"id":103,"href":"https:\/\/alemdo.ro\/index.php\/wp-json\/wp\/v2\/pages\/7\/revisions\/103"}],"wp:attachment":[{"href":"https:\/\/alemdo.ro\/index.php\/wp-json\/wp\/v2\/media?parent=7"}],"curies":[{"name":"wp","href":"https:\/\/api.w.org\/{rel}","templated":true}]}}